{"id":46,"date":"2025-05-03T22:27:08","date_gmt":"2025-05-03T20:27:08","guid":{"rendered":"https:\/\/apoldenburg.de\/?page_id=46"},"modified":"2025-10-04T11:27:30","modified_gmt":"2025-10-04T09:27:30","slug":"erinnerung-an-1945-in-oldenburg-ermordete-deserteure","status":"publish","type":"page","link":"https:\/\/apoldenburg.de\/?page_id=46","title":{"rendered":"Erinnern &#8211; Mahnen \u2013 Sch\u00fctzen"},"content":{"rendered":"\n<h2 class=\"wp-block-heading\">Asyl f\u00fcr ALLE Deserteure und Kriegsdienstverweigerer<\/h2>\n\n\n\n<p>Am Ende des II Weltkrieges kam es vor 80 Jahren in Oldenburg zu einem abscheulichen Verbrechen. Wenige Tage bevor die Stadt an die kanadischen Truppen \u00fcbergeben wurde, wurden in Oldenburg und Wardenburg 6 Soldaten \u00f6ffentlich erh\u00e4ngt. Als \u201eFeiglinge\u201c und \u201eVaterlandsverr\u00e4ter\u201c denunziert, dienten sie der Abschreckung gegen\u00fcber anderen kriegsm\u00fcden Soldaten und der Bev\u00f6lkerung.<\/p>\n\n\n\n<figure class=\"wp-block-image size-large\"><img loading=\"lazy\" decoding=\"async\" width=\"1024\" height=\"936\" src=\"https:\/\/apoldenburg.de\/wp-content\/uploads\/2025\/05\/Deserteur-Grabmal-1024x936.jpg\" alt=\"\" class=\"wp-image-73\" srcset=\"https:\/\/apoldenburg.de\/wp-content\/uploads\/2025\/05\/Deserteur-Grabmal-1024x936.jpg 1024w, https:\/\/apoldenburg.de\/wp-content\/uploads\/2025\/05\/Deserteur-Grabmal-300x274.jpg 300w, https:\/\/apoldenburg.de\/wp-content\/uploads\/2025\/05\/Deserteur-Grabmal-768x702.jpg 768w, https:\/\/apoldenburg.de\/wp-content\/uploads\/2025\/05\/Deserteur-Grabmal.jpg 1181w\" sizes=\"auto, (max-width: 1024px) 100vw, 1024px\" \/><\/figure>\n\n\n\n<div class=\"wp-block-group has-global-padding is-layout-constrained wp-block-group-is-layout-constrained\">\n<p><\/p>\n<\/div>\n\n\n\n<p>Am <strong>15. Mai 2025<\/strong> haben wir bereits eine <a href=\"https:\/\/apoldenburg.de\/?p=40\">Mahnwache<\/a> durchgef\u00fchrt, und zwar am Ort des damaligen Geschehens \u2013 an der <strong>Kreuzung Cloppenburger Stra\u00dfe \/ Bremer Stra\u00dfe, von 14 \u2013 17 Uhr<\/strong>.<\/p>\n\n\n\n<p>Der 15. Mai ist zugleich der Internationale Tag der Kriegsdienstverweigerung. Zusammen mit anderen friedenspolitischen Organisationen fordern wir, Schutz und Asyl f\u00fcr alle Kriegsdienstverweigerer:innen, Deserteur:innen und Kriegsfl\u00fcchtlinge zu gew\u00e4hrleisten. Denn das von der UN als allgemeines Menschenrecht anerkannte Recht auf Kriegsdienstverweigerung ger\u00e4t weltweit, auch anl\u00e4sslich des Krieges in der Ukraine, immer mehr unter Beschuss.<\/p>\n\n\n\n<p>Das Schicksal der ermordeten Deserteure darf nicht in Vergessenheit geraten, sondern sollte \u00f6ffentlich sichtbar gemacht werden. Wir regen deshalb die Errichtung eines Mahnmals zur Erinnerung an die Geschehnisse vom April 1945 an.<\/p>\n\n\n\n<p>Aus diesem Anlass wird es am 1. September 2025 im <br><a href=\"https:\/\/www.ev-kirche-osternburg.de\/ueber-uns\/kirchen-und-gemeindezentren\/jochen-klepper-haus\">Jochen-Klepper-Haus<\/a> eine <a href=\"https:\/\/apoldenburg.de\/?p=145\">Informationsveranstaltung<\/a> geben. <\/p>\n\n\n\n<h1 class=\"wp-block-heading\">Materialien und Links<\/h1>\n\n\n\n<p>Der Oldenburger Historiker <a href=\"https:\/\/de.wikipedia.org\/wiki\/Hans-Peter_Klausch\">Hans-Peter Klausch<\/a> hat zu den Morden an den Deserteuren recherchiert und einen <a href=\"https:\/\/digital.lb-oldenburg.de\/download\/pdf\/1022946.pdf\">Aufsatz im Oldenburger Jahrbuch 2015<\/a> geschrieben.<\/p>\n\n\n\n<p>Infoseite zu Deserteursdenkm\u00e4lern in Deutschland: <a href=\"https:\/\/deserteursdenkmal.at\/wordpress\/1-hintergrund\/denkmaeler-im-deutschland\/\">https:\/\/deserteursdenkmal.at\/wordpress\/1-hintergrund\/denkmaeler-im-deutschland\/<\/a><\/p>\n\n\n\n<hr class=\"wp-block-separator has-alpha-channel-opacity\"\/>\n\n\n\n<h2 class=\"wp-block-heading\">Infoveranstaltung 1.9.2025<\/h2>\n\n\n\n<p>[<a href=\"https:\/\/apoldenburg.de\/wp-content\/uploads\/2025\/08\/flyer1.9.25.pdf\">Flyer]<\/a> [<a href=\"https:\/\/apoldenburg.de\/wp-content\/uploads\/2025\/08\/Presseankuendigung01-09-25.pdf\">Presseank\u00fcndigung<\/a>] [<a href=\"https:\/\/apoldenburg.de\/?page_id=160\">Artikel f\u00fcr &#8222;Nah Dran<\/a><a href=\"https:\/\/apoldenburg.de\/wp-content\/uploads\/2025\/08\/01-09-Ankuendigung.pdf\">&#8222;<\/a>]<\/p>\n\n\n\n<figure class=\"wp-block-image size-large\"><img loading=\"lazy\" decoding=\"async\" width=\"722\" height=\"1024\" src=\"https:\/\/apoldenburg.de\/wp-content\/uploads\/2025\/08\/VA-1.9.25-1-722x1024.jpg\" alt=\"\" class=\"wp-image-149\" srcset=\"https:\/\/apoldenburg.de\/wp-content\/uploads\/2025\/08\/VA-1.9.25-1-722x1024.jpg 722w, https:\/\/apoldenburg.de\/wp-content\/uploads\/2025\/08\/VA-1.9.25-1-211x300.jpg 211w, https:\/\/apoldenburg.de\/wp-content\/uploads\/2025\/08\/VA-1.9.25-1-768x1090.jpg 768w, https:\/\/apoldenburg.de\/wp-content\/uploads\/2025\/08\/VA-1.9.25-1.jpg 874w\" sizes=\"auto, (max-width: 722px) 100vw, 722px\" \/><\/figure>\n\n\n\n<hr class=\"wp-block-separator has-alpha-channel-opacity\"\/>\n\n\n\n<h2 class=\"wp-block-heading\">Mahnwache <\/h2>\n\n\n\n<p>[<a href=\"https:\/\/apoldenburg.de\/wp-content\/uploads\/2025\/05\/Deserteure.pdf\">Flyer als pdf<\/a>] [<a href=\"https:\/\/apoldenburg.de\/wp-content\/uploads\/2025\/05\/Presseerklaerung-15Mai2025.pdf\">Presserkl\u00e4rung als pdf<\/a>] [<a href=\"https:\/\/www.nwzonline.de\/oldenburg\/gedenkveranstaltung-in-oldenburg-erinnerung-an-ermordete-soldaten-und-kriegsdienstverweigerung_a_4,2,509926235.html#\">Artikel der NWZ<\/a>]<\/p>\n\n\n\n<figure class=\"wp-block-image size-large\"><img loading=\"lazy\" decoding=\"async\" width=\"722\" height=\"1024\" src=\"https:\/\/apoldenburg.de\/wp-content\/uploads\/2025\/05\/Erhaengungen-Mail-3-722x1024.jpg\" alt=\"\" class=\"wp-image-47\" srcset=\"https:\/\/apoldenburg.de\/wp-content\/uploads\/2025\/05\/Erhaengungen-Mail-3-722x1024.jpg 722w, https:\/\/apoldenburg.de\/wp-content\/uploads\/2025\/05\/Erhaengungen-Mail-3-211x300.jpg 211w, https:\/\/apoldenburg.de\/wp-content\/uploads\/2025\/05\/Erhaengungen-Mail-3-768x1090.jpg 768w, https:\/\/apoldenburg.de\/wp-content\/uploads\/2025\/05\/Erhaengungen-Mail-3.jpg 874w\" sizes=\"auto, (max-width: 722px) 100vw, 722px\" \/><\/figure>\n\n\n\n<figure class=\"wp-block-image size-large\"><img loading=\"lazy\" decoding=\"async\" width=\"722\" height=\"1024\" src=\"https:\/\/apoldenburg.de\/wp-content\/uploads\/2025\/05\/Erhaengungen-Mail2-1-722x1024.jpg\" alt=\"\" class=\"wp-image-48\" srcset=\"https:\/\/apoldenburg.de\/wp-content\/uploads\/2025\/05\/Erhaengungen-Mail2-1-722x1024.jpg 722w, https:\/\/apoldenburg.de\/wp-content\/uploads\/2025\/05\/Erhaengungen-Mail2-1-211x300.jpg 211w, https:\/\/apoldenburg.de\/wp-content\/uploads\/2025\/05\/Erhaengungen-Mail2-1-768x1090.jpg 768w, https:\/\/apoldenburg.de\/wp-content\/uploads\/2025\/05\/Erhaengungen-Mail2-1.jpg 874w\" sizes=\"auto, (max-width: 722px) 100vw, 722px\" \/><\/figure>\n\n\n\n<figure class=\"wp-block-image size-large\"><img loading=\"lazy\" decoding=\"async\" width=\"1024\" height=\"768\" src=\"https:\/\/apoldenburg.de\/wp-content\/uploads\/2025\/08\/mahnwache2-1024x768.jpg\" alt=\"\" class=\"wp-image-162\" srcset=\"https:\/\/apoldenburg.de\/wp-content\/uploads\/2025\/08\/mahnwache2-1024x768.jpg 1024w, https:\/\/apoldenburg.de\/wp-content\/uploads\/2025\/08\/mahnwache2-300x225.jpg 300w, https:\/\/apoldenburg.de\/wp-content\/uploads\/2025\/08\/mahnwache2-768x576.jpg 768w, https:\/\/apoldenburg.de\/wp-content\/uploads\/2025\/08\/mahnwache2-1536x1152.jpg 1536w, https:\/\/apoldenburg.de\/wp-content\/uploads\/2025\/08\/mahnwache2.jpg 2016w\" sizes=\"auto, (max-width: 1024px) 100vw, 1024px\" \/><\/figure>\n\n\n\n<figure class=\"wp-block-image size-large\"><img loading=\"lazy\" decoding=\"async\" width=\"1024\" height=\"768\" src=\"https:\/\/apoldenburg.de\/wp-content\/uploads\/2025\/08\/Deserteursaktion-15.5.25-1024x768.jpg\" alt=\"\" class=\"wp-image-161\" srcset=\"https:\/\/apoldenburg.de\/wp-content\/uploads\/2025\/08\/Deserteursaktion-15.5.25-1024x768.jpg 1024w, https:\/\/apoldenburg.de\/wp-content\/uploads\/2025\/08\/Deserteursaktion-15.5.25-300x225.jpg 300w, https:\/\/apoldenburg.de\/wp-content\/uploads\/2025\/08\/Deserteursaktion-15.5.25-768x576.jpg 768w, https:\/\/apoldenburg.de\/wp-content\/uploads\/2025\/08\/Deserteursaktion-15.5.25-1536x1152.jpg 1536w, https:\/\/apoldenburg.de\/wp-content\/uploads\/2025\/08\/Deserteursaktion-15.5.25.jpg 2048w\" sizes=\"auto, (max-width: 1024px) 100vw, 1024px\" \/><\/figure>\n","protected":false},"excerpt":{"rendered":"<p>Asyl f\u00fcr ALLE Deserteure und Kriegsdienstverweigerer Am Ende des II Weltkrieges kam es vor 80 Jahren in Oldenburg zu einem abscheulichen Verbrechen. Wenige Tage bevor die Stadt an die kanadischen Truppen \u00fcbergeben wurde, wurden in Oldenburg und Wardenburg 6 Soldaten \u00f6ffentlich erh\u00e4ngt. Als \u201eFeiglinge\u201c und \u201eVaterlandsverr\u00e4ter\u201c denunziert, dienten sie der Abschreckung gegen\u00fcber anderen kriegsm\u00fcden Soldaten [&hellip;]<\/p>\n","protected":false},"author":1,"featured_media":0,"parent":0,"menu_order":0,"comment_status":"closed","ping_status":"closed","template":"","meta":{"footnotes":""},"class_list":["post-46","page","type-page","status-publish","hentry"],"_links":{"self":[{"href":"https:\/\/apoldenburg.de\/index.php?rest_route=\/wp\/v2\/pages\/46","targetHints":{"allow":["GET"]}}],"collection":[{"href":"https:\/\/apoldenburg.de\/index.php?rest_route=\/wp\/v2\/pages"}],"about":[{"href":"https:\/\/apoldenburg.de\/index.php?rest_route=\/wp\/v2\/types\/page"}],"author":[{"embeddable":true,"href":"https:\/\/apoldenburg.de\/index.php?rest_route=\/wp\/v2\/users\/1"}],"replies":[{"embeddable":true,"href":"https:\/\/apoldenburg.de\/index.php?rest_route=%2Fwp%2Fv2%2Fcomments&post=46"}],"version-history":[{"count":13,"href":"https:\/\/apoldenburg.de\/index.php?rest_route=\/wp\/v2\/pages\/46\/revisions"}],"predecessor-version":[{"id":183,"href":"https:\/\/apoldenburg.de\/index.php?rest_route=\/wp\/v2\/pages\/46\/revisions\/183"}],"wp:attachment":[{"href":"https:\/\/apoldenburg.de\/index.php?rest_route=%2Fwp%2Fv2%2Fmedia&parent=46"}],"curies":[{"name":"wp","href":"https:\/\/api.w.org\/{rel}","templated":true}]}}